{"id":85,"date":"2020-06-20T11:57:52","date_gmt":"2020-06-20T11:57:52","guid":{"rendered":"http:\/\/wild-und-gruen.com\/?page_id=85"},"modified":"2021-10-19T04:16:29","modified_gmt":"2021-10-19T04:16:29","slug":"newsletter","status":"publish","type":"page","link":"https:\/\/wild-und-gruen.com\/?page_id=85","title":{"rendered":"Newsletter"},"content":{"rendered":"\n<p class=\"has-large-font-size\">Im Newsletter erf\u00e4hrst du alle kurzfristigen Termin-Ver\u00e4nderungen, die auf Grund des Wetters entstehen k\u00f6nnen.<br><\/p>\n\n\n\n<p class=\"has-large-font-size\">Zus\u00e4tzlich erh\u00e4ltst du Ideen und Anregungen was du mit den aktuellen wilden Pflanzen kochen und herstellen kannst.&nbsp;<\/p>\n\n\n\n<p class=\"has-small-font-size\"><br><script>(function() {\n\twindow.mc4wp = window.mc4wp || {\n\t\tlisteners: [],\n\t\tforms: {\n\t\t\ton: function(evt, cb) {\n\t\t\t\twindow.mc4wp.listeners.push(\n\t\t\t\t\t{\n\t\t\t\t\t\tevent   : evt,\n\t\t\t\t\t\tcallback: cb\n\t\t\t\t\t}\n\t\t\t\t);\n\t\t\t}\n\t\t}\n\t}\n})();\n<\/script><!-- Mailchimp for WordPress v4.9.20 - https:\/\/wordpress.org\/plugins\/mailchimp-for-wp\/ --><form id=\"mc4wp-form-1\" class=\"mc4wp-form mc4wp-form-305\" method=\"post\" data-id=\"305\" data-name=\"\" ><div class=\"mc4wp-form-fields\"><p>\r\n    <label>Vorname<\/label>\r\n    <input type=\"text\" name=\"FNAME\" required=\"\">\r\n<\/p>\r\n<p>\r\n    <label>Nachname<\/label>\r\n    <input type=\"text\" name=\"LNAME\" required=\"\">\r\n<\/p>\r\n<p>\r\n\t<label>E-Mail-Adresse: \r\n\t\t<input type=\"email\" name=\"EMAIL\" placeholder=\"Deine E-Mail Adresse\" required \/>\r\n<\/label>\r\n<\/p>\r\n\r\n<p>\r\n\t<input type=\"submit\" value=\"Ich m\u00f6chte Gita's Newsletter abonnieren\" \/>\r\n<\/p><\/div><label style=\"display: none !important;\">Wenn du ein Mensch bist, lasse das Feld leer: <input type=\"text\" name=\"_mc4wp_honeypot\" value=\"\" tabindex=\"-1\" autocomplete=\"off\" \/><\/label><input type=\"hidden\" name=\"_mc4wp_timestamp\" value=\"1777611942\" \/><input type=\"hidden\" name=\"_mc4wp_form_id\" value=\"305\" \/><input type=\"hidden\" name=\"_mc4wp_form_element_id\" value=\"mc4wp-form-1\" \/><div class=\"mc4wp-response\"><\/div><\/form><!-- \/ Mailchimp for WordPress Plugin --><br><\/p>\n","protected":false},"excerpt":{"rendered":"<p>Im Newsletter erf\u00e4hrst du alle kurzfristigen Termin-Ver\u00e4nderungen, die auf Grund des Wetters entstehen k\u00f6nnen. Zus\u00e4tzlich erh\u00e4ltst du Ideen und Anregungen was du mit den aktuellen wilden Pflanzen kochen und herstellen kannst.&nbsp;<\/p>\n","protected":false},"author":1,"featured_media":0,"parent":0,"menu_order":0,"comment_status":"closed","ping_status":"closed","template":"","meta":{"footnotes":""},"class_list":["post-85","page","type-page","status-publish","hentry","comments-closed","no-comments"],"_links":{"self":[{"href":"https:\/\/wild-und-gruen.com\/index.php?rest_route=\/wp\/v2\/pages\/85","targetHints":{"allow":["GET"]}}],"collection":[{"href":"https:\/\/wild-und-gruen.com\/index.php?rest_route=\/wp\/v2\/pages"}],"about":[{"href":"https:\/\/wild-und-gruen.com\/index.php?rest_route=\/wp\/v2\/types\/page"}],"author":[{"embeddable":true,"href":"https:\/\/wild-und-gruen.com\/index.php?rest_route=\/wp\/v2\/users\/1"}],"replies":[{"embeddable":true,"href":"https:\/\/wild-und-gruen.com\/index.php?rest_route=%2Fwp%2Fv2%2Fcomments&post=85"}],"version-history":[{"count":4,"href":"https:\/\/wild-und-gruen.com\/index.php?rest_route=\/wp\/v2\/pages\/85\/revisions"}],"predecessor-version":[{"id":1054,"href":"https:\/\/wild-und-gruen.com\/index.php?rest_route=\/wp\/v2\/pages\/85\/revisions\/1054"}],"wp:attachment":[{"href":"https:\/\/wild-und-gruen.com\/index.php?rest_route=%2Fwp%2Fv2%2Fmedia&parent=85"}],"curies":[{"name":"wp","href":"https:\/\/api.w.org\/{rel}","templated":true}]}}