{"id":79,"date":"2020-06-20T11:56:52","date_gmt":"2020-06-20T11:56:52","guid":{"rendered":"http:\/\/wild-und-gruen.com\/?page_id=79"},"modified":"2024-10-04T14:44:06","modified_gmt":"2024-10-04T13:44:06","slug":"gutscheine","status":"publish","type":"page","link":"https:\/\/wild-und-gruen.com\/?page_id=79","title":{"rendered":"Gutschein"},"content":{"rendered":"\n<p class=\"has-large-font-size\">Gutschein f\u00fcr ein Wildpflanzen-Erlebnis:<br>Hier hast du die M\u00f6glichkeit einen Gutschein zu erwerben, ob zum Geburtstag, Wiedersehen, zum Weihnachtsfest oder als Dankesch\u00f6n.<br>Mit einem Gutschein von Wild&amp;Gr\u00fcn verschenkst du ein ganz besonderes Erlebnis in und mit der Natur.<\/p>\n\n\n\n<p class=\"has-small-font-size\"><br><div class=\"wpforms-container wpforms-container-full\" id=\"wpforms-162\"><form id=\"wpforms-form-162\" class=\"wpforms-validate wpforms-form\" data-formid=\"162\" method=\"post\" enctype=\"multipart\/form-data\" action=\"\/index.php?rest_route=%2Fwp%2Fv2%2Fpages%2F79\" data-token=\"471957273a941df72a263ac8df6309a6\" data-token-time=\"1777544410\"><noscript class=\"wpforms-error-noscript\">Bitte aktiviere JavaScript in deinem Browser, um dieses Formular fertigzustellen.<\/noscript><div class=\"wpforms-field-container\"><div id=\"wpforms-162-field_1-container\" class=\"wpforms-field wpforms-field-name\" data-field-id=\"1\"><label class=\"wpforms-field-label\">Name <span class=\"wpforms-required-label\">*<\/span><\/label><div class=\"wpforms-field-row wpforms-field-medium\"><div class=\"wpforms-field-row-block wpforms-first wpforms-one-half\"><input type=\"text\" id=\"wpforms-162-field_1\" class=\"wpforms-field-name-first wpforms-field-required\" name=\"wpforms[fields][1][first]\" required><label for=\"wpforms-162-field_1\" class=\"wpforms-field-sublabel after\">Vorname<\/label><\/div><div class=\"wpforms-field-row-block wpforms-one-half\"><input type=\"text\" id=\"wpforms-162-field_1-last\" class=\"wpforms-field-name-last wpforms-field-required\" name=\"wpforms[fields][1][last]\" required><label for=\"wpforms-162-field_1-last\" class=\"wpforms-field-sublabel after\">Nachname<\/label><\/div><\/div><\/div><div id=\"wpforms-162-field_2-container\" class=\"wpforms-field wpforms-field-email\" data-field-id=\"2\"><label class=\"wpforms-field-label\" for=\"wpforms-162-field_2\">E-Mail <span class=\"wpforms-required-label\">*<\/span><\/label><input type=\"email\" id=\"wpforms-162-field_2\" class=\"wpforms-field-medium wpforms-field-required\" name=\"wpforms[fields][2]\" spellcheck=\"false\" required><\/div><div id=\"wpforms-162-field_8-container\" class=\"wpforms-field wpforms-field-text\" data-field-id=\"8\"><label class=\"wpforms-field-label\" for=\"wpforms-162-field_8\">Postanschrift f\u00fcr Gutschein (PLZ - Ort - Strasse) <span class=\"wpforms-required-label\">*<\/span><\/label><input type=\"text\" id=\"wpforms-162-field_8\" class=\"wpforms-field-large wpforms-field-required\" name=\"wpforms[fields][8]\" required><\/div><div id=\"wpforms-162-field_3-container\" class=\"wpforms-field wpforms-field-checkbox\" data-field-id=\"3\"><label class=\"wpforms-field-label\">Checkboxen <span class=\"wpforms-required-label\">*<\/span><\/label><ul id=\"wpforms-162-field_3\" class=\"wpforms-field-required\"><li class=\"choice-1 depth-1\"><input type=\"checkbox\" id=\"wpforms-162-field_3_1\" name=\"wpforms[fields][3][]\" value=\"Gutschein f\u00fcr einen Wildpflanzen-Spaziergang (\u20ac 55,00)\" required ><label class=\"wpforms-field-label-inline\" for=\"wpforms-162-field_3_1\">Gutschein f\u00fcr einen Wildpflanzen-Spaziergang (\u20ac 55,00)<\/label><\/li><li class=\"choice-2 depth-1\"><input type=\"checkbox\" id=\"wpforms-162-field_3_2\" name=\"wpforms[fields][3][]\" value=\"Gutschein f\u00fcr ein Heilpflanzen-Seminar (\u20ac 75,00)\" required ><label class=\"wpforms-field-label-inline\" for=\"wpforms-162-field_3_2\">Gutschein f\u00fcr ein Heilpflanzen-Seminar (\u20ac 75,00)<\/label><\/li><li class=\"choice-3 depth-1\"><input type=\"checkbox\" id=\"wpforms-162-field_3_3\" name=\"wpforms[fields][3][]\" value=\"Gutschein \u00fcber Naturkosmetik-Seminar (\u20ac125,00)\" required ><label class=\"wpforms-field-label-inline\" for=\"wpforms-162-field_3_3\">Gutschein \u00fcber Naturkosmetik-Seminar (\u20ac125,00)<\/label><\/li><li class=\"choice-4 depth-1\"><input type=\"checkbox\" id=\"wpforms-162-field_3_4\" name=\"wpforms[fields][3][]\" value=\"Gutschein \u00fcber einen individuellen Betrag\" required ><label class=\"wpforms-field-label-inline\" for=\"wpforms-162-field_3_4\">Gutschein \u00fcber einen individuellen Betrag<\/label><\/li><\/ul><\/div><div id=\"wpforms-162-field_4-container\" class=\"wpforms-field wpforms-field-textarea\" data-field-id=\"4\"><label class=\"wpforms-field-label\" for=\"wpforms-162-field_4\">deine Nachricht an uns (optional)<\/label><textarea id=\"wpforms-162-field_4\" class=\"wpforms-field-medium\" name=\"wpforms[fields][4]\" ><\/textarea><\/div><\/div><!-- .wpforms-field-container --><div class=\"wpforms-field wpforms-field-hp\"><label for=\"wpforms-162-field-hp\" class=\"wpforms-field-label\">Phone<\/label><input type=\"text\" name=\"wpforms[hp]\" id=\"wpforms-162-field-hp\" class=\"wpforms-field-medium\"><\/div><div class=\"wpforms-submit-container\" ><input type=\"hidden\" name=\"wpforms[id]\" value=\"162\"><input type=\"hidden\" name=\"page_title\" value=\"\"><input type=\"hidden\" name=\"page_url\" value=\"https:\/\/wild-und-gruen.com\/index.php?rest_route=%2Fwp%2Fv2%2Fpages%2F79\"><button type=\"submit\" name=\"wpforms[submit]\" id=\"wpforms-submit-162\" class=\"wpforms-submit\" data-alt-text=\"Senden...\" data-submit-text=\"meine Gutscheinbestellung absenden\" aria-live=\"assertive\" value=\"wpforms-submit\">meine Gutscheinbestellung absenden<\/button><\/div><\/form><\/div>  <!-- .wpforms-container --><br><\/p>\n","protected":false},"excerpt":{"rendered":"<p>Gutschein f\u00fcr ein Wildpflanzen-Erlebnis:Hier hast du die M\u00f6glichkeit einen Gutschein zu erwerben, ob zum Geburtstag, Wiedersehen, zum Weihnachtsfest oder als Dankesch\u00f6n.Mit einem Gutschein von Wild&amp;Gr\u00fcn verschenkst du ein ganz besonderes Erlebnis in und mit der Natur.<\/p>\n","protected":false},"author":1,"featured_media":0,"parent":0,"menu_order":0,"comment_status":"closed","ping_status":"closed","template":"","meta":{"footnotes":""},"class_list":["post-79","page","type-page","status-publish","hentry","comments-closed","no-comments"],"_links":{"self":[{"href":"https:\/\/wild-und-gruen.com\/index.php?rest_route=\/wp\/v2\/pages\/79","targetHints":{"allow":["GET"]}}],"collection":[{"href":"https:\/\/wild-und-gruen.com\/index.php?rest_route=\/wp\/v2\/pages"}],"about":[{"href":"https:\/\/wild-und-gruen.com\/index.php?rest_route=\/wp\/v2\/types\/page"}],"author":[{"embeddable":true,"href":"https:\/\/wild-und-gruen.com\/index.php?rest_route=\/wp\/v2\/users\/1"}],"replies":[{"embeddable":true,"href":"https:\/\/wild-und-gruen.com\/index.php?rest_route=%2Fwp%2Fv2%2Fcomments&post=79"}],"version-history":[{"count":6,"href":"https:\/\/wild-und-gruen.com\/index.php?rest_route=\/wp\/v2\/pages\/79\/revisions"}],"predecessor-version":[{"id":1496,"href":"https:\/\/wild-und-gruen.com\/index.php?rest_route=\/wp\/v2\/pages\/79\/revisions\/1496"}],"wp:attachment":[{"href":"https:\/\/wild-und-gruen.com\/index.php?rest_route=%2Fwp%2Fv2%2Fmedia&parent=79"}],"curies":[{"name":"wp","href":"https:\/\/api.w.org\/{rel}","templated":true}]}}