{"id":58,"date":"2020-06-20T11:29:00","date_gmt":"2020-06-20T11:29:00","guid":{"rendered":"http:\/\/wild-und-gruen.com\/?page_id=58"},"modified":"2025-11-01T15:59:49","modified_gmt":"2025-11-01T14:59:49","slug":"wildkraeuterspaziergang","status":"publish","type":"page","link":"https:\/\/wild-und-gruen.com\/?page_id=58","title":{"rendered":"Wildpflanzen-Seminare in M\u00fcnchen 2026:"},"content":{"rendered":"\n<p class=\"has-text-align-center\"><strong>Wildpflanzen-Spazierg\u00e4nge:<\/strong><br>Auf unseren Spazierg\u00e4ngen entdecken, bestimmen und erkl\u00e4ren wir eine Vielfalt an essbaren Wildpflanzen, die sich \u00fcberall leicht finden und Wiedererkennen lassen. Sie schenken uns das ganze Jahr \u00fcber gro\u00dfe Freude, neue Geschm\u00e4cker und versorgen uns mit wichtigen N\u00e4hrstoffen. <br>Ausserdem bringen sie uns wieder in Einklang mit der Natur und den Jahreszeiten. <br>Ihr werdet \u00fcberrascht sein, wie viel es zu entdecken gibt und was sich aus den gesammelten Sch\u00e4tzen (unserer urspr\u00fcnglichen Nahrung und Medizin) alles Wunderbares machen l\u00e4sst.<br>Am Ende unserer Spaziergangs zaubern wir in unserer kleinen Wiesenk\u00fcche ein paar K\u00f6stlichkeiten. So gibt es immer einen sch\u00f6nen Abschluss, der Euch die gerade erlebten Pflanzen auch noch kulinarisch n\u00e4her bringt und alle Sinne anspricht.<br>Kosten, inklusive Essen und Trinken: \u20ac 55,00 <br>F\u00fcr Menschen mit kleinerem Geldbeutel, kommt gerne auf mich zu, wir finden eine L\u00f6sung!<\/p>\n\n\n\n<p class=\"has-text-align-center has-extralarge-font-size\"><strong>Termine 2026:<\/strong><\/p>\n\n\n\n<p class=\"has-text-align-center has-regular-font-size\"><strong>M\u00e4rz:<\/strong> <br>Sonntag 8.03. Knospen Spaziergang, 11:00-14:30<br><strong>April: <\/strong><br>Freitag 24.04. Wildpflanzen Spaziergang 1, 17:00-20:30<br><strong>Mai: <\/strong><br>Freitag 15.05. Wildpflanzen Spaziergang 2, 18:00-21:30 <br><strong>Juni: <\/strong><br>Freitag 12.06. Wildpflanzen Spaziergang 3, 18:00-21:30 <br><strong>Juli: <\/strong><br>Freitag 10.07. Wildpflanzen Spaziergang 4, 18:00-21:30<br><strong>August: <\/strong><br>Freitag 07.08. Wildpflanzen Spaziergang 5, 18:00-21:30<br><strong>September: <\/strong><br>Freitag 18.09. Wildpflanzen Spaziergang 6, 17:00-20:30<br><strong>Oktober: <\/strong><br>Freitag 09.10. Wildpflanzen Spaziergang 7, 16:00-19:30<br><\/p>\n\n\n\n<div class=\"wp-block-buttons is-layout-flex wp-block-buttons-is-layout-flex\">\n<div class=\"wp-block-button\"><a class=\"wp-block-button__link has-very-dark-gray-color has-pale-cyan-blue-background-color has-text-color has-background wp-element-button\" href=\"https:\/\/wild-und-gruen.com\/?page_id=805\" style=\"border-radius:31px\">Ich m\u00f6chte dabei sein, zur Anmeldung<\/a><\/div>\n\n\n<\/div>\n","protected":false},"excerpt":{"rendered":"<p>Wildpflanzen-Spazierg\u00e4nge:Auf unseren Spazierg\u00e4ngen entdecken, bestimmen und erkl\u00e4ren wir eine Vielfalt an essbaren Wildpflanzen, die sich \u00fcberall leicht finden und Wiedererkennen lassen. Sie schenken uns das ganze Jahr \u00fcber gro\u00dfe Freude, neue Geschm\u00e4cker und versorgen uns mit wichtigen N\u00e4hrstoffen. Ausserdem bringen sie uns wieder in Einklang mit der Natur und den Jahreszeiten. Ihr werdet \u00fcberrascht sein,&hellip;<\/p>\n","protected":false},"author":1,"featured_media":0,"parent":0,"menu_order":0,"comment_status":"closed","ping_status":"closed","template":"","meta":{"footnotes":""},"class_list":["post-58","page","type-page","status-publish","hentry","comments-closed","no-comments"],"_links":{"self":[{"href":"https:\/\/wild-und-gruen.com\/index.php?rest_route=\/wp\/v2\/pages\/58","targetHints":{"allow":["GET"]}}],"collection":[{"href":"https:\/\/wild-und-gruen.com\/index.php?rest_route=\/wp\/v2\/pages"}],"about":[{"href":"https:\/\/wild-und-gruen.com\/index.php?rest_route=\/wp\/v2\/types\/page"}],"author":[{"embeddable":true,"href":"https:\/\/wild-und-gruen.com\/index.php?rest_route=\/wp\/v2\/users\/1"}],"replies":[{"embeddable":true,"href":"https:\/\/wild-und-gruen.com\/index.php?rest_route=%2Fwp%2Fv2%2Fcomments&post=58"}],"version-history":[{"count":60,"href":"https:\/\/wild-und-gruen.com\/index.php?rest_route=\/wp\/v2\/pages\/58\/revisions"}],"predecessor-version":[{"id":1554,"href":"https:\/\/wild-und-gruen.com\/index.php?rest_route=\/wp\/v2\/pages\/58\/revisions\/1554"}],"wp:attachment":[{"href":"https:\/\/wild-und-gruen.com\/index.php?rest_route=%2Fwp%2Fv2%2Fmedia&parent=58"}],"curies":[{"name":"wp","href":"https:\/\/api.w.org\/{rel}","templated":true}]}}