{"id":307,"date":"2020-07-17T17:31:31","date_gmt":"2020-07-17T17:31:31","guid":{"rendered":"http:\/\/wild-und-gruen.com\/?page_id=307"},"modified":"2026-04-16T22:07:39","modified_gmt":"2026-04-16T21:07:39","slug":"aktuelles","status":"publish","type":"page","link":"https:\/\/wild-und-gruen.com\/?page_id=307","title":{"rendered":"Aktuelles von Wild &amp; Gr\u00fcn: Wilde Pflanzen im April:"},"content":{"rendered":"\n<p class=\"has-text-align-center\"><\/p>\n\n\n<div style=\"text-align: center;\"><span style=\"color: #339966;\">Am Freitag den 24.4.26<\/span><br \/><span style=\"color: #339966;\">beginnen wir mit unseren WildpflanzenSpazierg\u00e4ngen f\u00fcr diese\u00a0Saison<\/span><br \/><span style=\"color: #339966;\">&#x1f49a;&#x1f49a;&#x1f49a;<\/span><\/div>\n<div>\u00a0<\/div>\n<div>Die wilden Pflanzen\u00a0im\u00a0Fr\u00fchjahr sind immer die wichtigsten, da sie vollgepackt mit Vitaminen und Mineralstoffen sind die unsere K\u00f6rper freudig\u00a0aufnehmen und somit unsere Immunsysteme st\u00e4rken und unterst\u00fctzen.<br \/>Wir gehen mit euch durch den Perlacher Forst und entdecken die jungen Sch\u00e4tze und wir besprechen wie wir sie erkennen und verwenden k\u00f6nnen, ob in der K\u00fcche als aromatische Highlights oder als Heilpflanzen im Medizinschr\u00e4nkchen.<br \/>Nach ca. 2 Stunden g\u00f6nnen wir uns noch k\u00f6stliches aus Wildkr\u00e4utern, es wird zu Essen und zu Trinken geben&#8230;&#8230;.und nat\u00fcrlich wie immer zum Abschluss noch ein\u00a0Lik\u00f6rchen \ud83d\ude09\n<p>Wir freuen uns schon riesig auf euch und den Wald und den Fr\u00fchling und viele\u00a0warme Sonnenstrahlen und ganz viel wildes Gr\u00fcn!<\/p>\n<p>Im April beginnt\u00a0der\u00a0WildpflanzenSpaziergang\u00a0bereits um 17:00 und geht\u00a0bis ca. 20:00, <br \/>Kosten: 55,00\u00a0inklusive Essen und Trinken.<\/p>\n<\/div>\n\n\n<figure class=\"wp-block-gallery has-nested-images columns-default is-cropped wp-block-gallery-1 is-layout-flex wp-block-gallery-is-layout-flex\">\n<figure class=\"wp-block-image size-large\"><img loading=\"lazy\" decoding=\"async\" width=\"683\" height=\"1024\" data-id=\"1402\" src=\"https:\/\/wild-und-gruen.com\/wp-content\/uploads\/2023\/06\/114A4485-683x1024.jpg\" alt=\"\" class=\"wp-image-1402\" srcset=\"https:\/\/wild-und-gruen.com\/wp-content\/uploads\/2023\/06\/114A4485-683x1024.jpg 683w, https:\/\/wild-und-gruen.com\/wp-content\/uploads\/2023\/06\/114A4485-200x300.jpg 200w, https:\/\/wild-und-gruen.com\/wp-content\/uploads\/2023\/06\/114A4485-768x1152.jpg 768w, https:\/\/wild-und-gruen.com\/wp-content\/uploads\/2023\/06\/114A4485-1024x1536.jpg 1024w, https:\/\/wild-und-gruen.com\/wp-content\/uploads\/2023\/06\/114A4485-1365x2048.jpg 1365w, https:\/\/wild-und-gruen.com\/wp-content\/uploads\/2023\/06\/114A4485-400x600.jpg 400w, https:\/\/wild-und-gruen.com\/wp-content\/uploads\/2023\/06\/114A4485-scaled.jpg 1707w\" sizes=\"auto, (max-width: 683px) 100vw, 683px\" \/><\/figure>\n\n\n\n<figure class=\"wp-block-image size-large\"><img loading=\"lazy\" decoding=\"async\" width=\"682\" height=\"1024\" data-id=\"1207\" src=\"https:\/\/wild-und-gruen.com\/wp-content\/uploads\/2022\/05\/114A3185-682x1024.jpeg\" alt=\"\" class=\"wp-image-1207\" srcset=\"https:\/\/wild-und-gruen.com\/wp-content\/uploads\/2022\/05\/114A3185-682x1024.jpeg 682w, https:\/\/wild-und-gruen.com\/wp-content\/uploads\/2022\/05\/114A3185-200x300.jpeg 200w, https:\/\/wild-und-gruen.com\/wp-content\/uploads\/2022\/05\/114A3185-768x1152.jpeg 768w, https:\/\/wild-und-gruen.com\/wp-content\/uploads\/2022\/05\/114A3185-400x600.jpeg 400w, https:\/\/wild-und-gruen.com\/wp-content\/uploads\/2022\/05\/114A3185-rotated.jpeg 853w\" sizes=\"auto, (max-width: 682px) 100vw, 682px\" \/><\/figure>\n\n\n\n<figure class=\"wp-block-image size-large\"><img loading=\"lazy\" decoding=\"async\" width=\"1024\" height=\"768\" data-id=\"1395\" src=\"https:\/\/wild-und-gruen.com\/wp-content\/uploads\/2023\/05\/IMG_8929-scaled-e1683363277457-1024x768.jpg\" alt=\"\" class=\"wp-image-1395\" srcset=\"https:\/\/wild-und-gruen.com\/wp-content\/uploads\/2023\/05\/IMG_8929-scaled-e1683363277457-1024x768.jpg 1024w, https:\/\/wild-und-gruen.com\/wp-content\/uploads\/2023\/05\/IMG_8929-scaled-e1683363277457-300x225.jpg 300w, https:\/\/wild-und-gruen.com\/wp-content\/uploads\/2023\/05\/IMG_8929-scaled-e1683363277457-768x576.jpg 768w, https:\/\/wild-und-gruen.com\/wp-content\/uploads\/2023\/05\/IMG_8929-scaled-e1683363277457-1536x1152.jpg 1536w, https:\/\/wild-und-gruen.com\/wp-content\/uploads\/2023\/05\/IMG_8929-scaled-e1683363277457-2048x1536.jpg 2048w, https:\/\/wild-und-gruen.com\/wp-content\/uploads\/2023\/05\/IMG_8929-scaled-e1683363277457-400x300.jpg 400w\" sizes=\"auto, (max-width: 1024px) 100vw, 1024px\" \/><\/figure>\n\n\n\n<figure class=\"wp-block-image size-large\"><img loading=\"lazy\" decoding=\"async\" width=\"684\" height=\"1024\" data-id=\"1106\" src=\"https:\/\/wild-und-gruen.com\/wp-content\/uploads\/2022\/02\/DSC_7548-684x1024.jpeg\" alt=\"\" class=\"wp-image-1106\" srcset=\"https:\/\/wild-und-gruen.com\/wp-content\/uploads\/2022\/02\/DSC_7548-684x1024.jpeg 684w, https:\/\/wild-und-gruen.com\/wp-content\/uploads\/2022\/02\/DSC_7548-200x300.jpeg 200w, https:\/\/wild-und-gruen.com\/wp-content\/uploads\/2022\/02\/DSC_7548-768x1150.jpeg 768w, https:\/\/wild-und-gruen.com\/wp-content\/uploads\/2022\/02\/DSC_7548-1026x1536.jpeg 1026w, https:\/\/wild-und-gruen.com\/wp-content\/uploads\/2022\/02\/DSC_7548-1367x2048.jpeg 1367w, https:\/\/wild-und-gruen.com\/wp-content\/uploads\/2022\/02\/DSC_7548-400x599.jpeg 400w, https:\/\/wild-und-gruen.com\/wp-content\/uploads\/2022\/02\/DSC_7548-scaled.jpeg 1709w\" sizes=\"auto, (max-width: 684px) 100vw, 684px\" \/><\/figure>\n\n\n\n<figure class=\"wp-block-image size-large\"><img loading=\"lazy\" decoding=\"async\" width=\"684\" height=\"1024\" data-id=\"1105\" src=\"https:\/\/wild-und-gruen.com\/wp-content\/uploads\/2022\/02\/DSC_7530-684x1024.jpeg\" alt=\"\" class=\"wp-image-1105\" srcset=\"https:\/\/wild-und-gruen.com\/wp-content\/uploads\/2022\/02\/DSC_7530-684x1024.jpeg 684w, https:\/\/wild-und-gruen.com\/wp-content\/uploads\/2022\/02\/DSC_7530-200x300.jpeg 200w, https:\/\/wild-und-gruen.com\/wp-content\/uploads\/2022\/02\/DSC_7530-768x1150.jpeg 768w, https:\/\/wild-und-gruen.com\/wp-content\/uploads\/2022\/02\/DSC_7530-1026x1536.jpeg 1026w, https:\/\/wild-und-gruen.com\/wp-content\/uploads\/2022\/02\/DSC_7530-1367x2048.jpeg 1367w, https:\/\/wild-und-gruen.com\/wp-content\/uploads\/2022\/02\/DSC_7530-400x599.jpeg 400w, https:\/\/wild-und-gruen.com\/wp-content\/uploads\/2022\/02\/DSC_7530-scaled.jpeg 1709w\" sizes=\"auto, (max-width: 684px) 100vw, 684px\" \/><\/figure>\n<\/figure>\n\n\n\n<figure class=\"wp-block-gallery has-nested-images columns-default is-cropped wp-block-gallery-2 is-layout-flex wp-block-gallery-is-layout-flex\"><\/figure>\n\n\n\n<figure class=\"wp-block-gallery has-nested-images columns-default is-cropped wp-block-gallery-3 is-layout-flex wp-block-gallery-is-layout-flex\"><\/figure>\n\n\n\n<div class=\"wp-block-buttons is-layout-flex wp-block-buttons-is-layout-flex\">\n<div class=\"wp-block-button\"><a class=\"wp-block-button__link has-very-dark-gray-color has-pale-cyan-blue-background-color has-text-color has-background wp-element-button\" href=\"https:\/\/wild-und-gruen.com\/?page_id=805\" style=\"border-radius:31px\">Ich m\u00f6chte dabei sein, zur Anmeldung<\/a><\/div>\n\n\n<\/div>\n","protected":false},"excerpt":{"rendered":"<p>Am Freitag den 24.4.26beginnen wir mit unseren WildpflanzenSpazierg\u00e4ngen f\u00fcr diese\u00a0Saison&#x1f49a;&#x1f49a;&#x1f49a; \u00a0 Die wilden Pflanzen\u00a0im\u00a0Fr\u00fchjahr sind immer die wichtigsten, da sie vollgepackt mit Vitaminen und Mineralstoffen sind die unsere K\u00f6rper freudig\u00a0aufnehmen und somit unsere Immunsysteme st\u00e4rken und unterst\u00fctzen.Wir gehen mit euch durch den Perlacher Forst und entdecken die jungen Sch\u00e4tze und wir besprechen wie wir sie&hellip;<\/p>\n","protected":false},"author":1,"featured_media":0,"parent":0,"menu_order":0,"comment_status":"closed","ping_status":"closed","template":"","meta":{"footnotes":""},"class_list":["post-307","page","type-page","status-publish","hentry","comments-closed","no-comments"],"_links":{"self":[{"href":"https:\/\/wild-und-gruen.com\/index.php?rest_route=\/wp\/v2\/pages\/307","targetHints":{"allow":["GET"]}}],"collection":[{"href":"https:\/\/wild-und-gruen.com\/index.php?rest_route=\/wp\/v2\/pages"}],"about":[{"href":"https:\/\/wild-und-gruen.com\/index.php?rest_route=\/wp\/v2\/types\/page"}],"author":[{"embeddable":true,"href":"https:\/\/wild-und-gruen.com\/index.php?rest_route=\/wp\/v2\/users\/1"}],"replies":[{"embeddable":true,"href":"https:\/\/wild-und-gruen.com\/index.php?rest_route=%2Fwp%2Fv2%2Fcomments&post=307"}],"version-history":[{"count":198,"href":"https:\/\/wild-und-gruen.com\/index.php?rest_route=\/wp\/v2\/pages\/307\/revisions"}],"predecessor-version":[{"id":1559,"href":"https:\/\/wild-und-gruen.com\/index.php?rest_route=\/wp\/v2\/pages\/307\/revisions\/1559"}],"wp:attachment":[{"href":"https:\/\/wild-und-gruen.com\/index.php?rest_route=%2Fwp%2Fv2%2Fmedia&parent=307"}],"curies":[{"name":"wp","href":"https:\/\/api.w.org\/{rel}","templated":true}]}}