{"id":128,"date":"2020-07-15T12:53:05","date_gmt":"2020-07-15T12:53:05","guid":{"rendered":"http:\/\/wild-und-gruen.com\/?page_id=128"},"modified":"2021-03-29T18:52:57","modified_gmt":"2021-03-29T18:52:57","slug":"raeucher-seminar","status":"publish","type":"page","link":"https:\/\/wild-und-gruen.com\/?page_id=128","title":{"rendered":"R\u00e4ucher Seminar"},"content":{"rendered":"\n<figure class=\"wp-block-gallery columns-2 is-cropped wp-block-gallery-1 is-layout-flex wp-block-gallery-is-layout-flex\"><ul class=\"blocks-gallery-grid\"><li class=\"blocks-gallery-item\"><figure><img loading=\"lazy\" decoding=\"async\" width=\"768\" height=\"1024\" src=\"http:\/\/wild-und-gruen.com\/wp-content\/uploads\/2020\/07\/R\u00e4ucher-Seminar8-768x1024.jpg\" alt=\"\" data-id=\"289\" data-link=\"http:\/\/wild-und-gruen.com\/?attachment_id=289\" class=\"wp-image-289\" srcset=\"https:\/\/wild-und-gruen.com\/wp-content\/uploads\/2020\/07\/R\u00e4ucher-Seminar8-768x1024.jpg 768w, https:\/\/wild-und-gruen.com\/wp-content\/uploads\/2020\/07\/R\u00e4ucher-Seminar8-225x300.jpg 225w\" sizes=\"auto, (max-width: 768px) 100vw, 768px\" \/><figcaption class=\"blocks-gallery-item__caption\">R\u00e4uchern mit Aktiv-Kohle, R\u00e4ucher-St\u00f6vchen<\/figcaption><\/figure><\/li><li class=\"blocks-gallery-item\"><figure><img loading=\"lazy\" decoding=\"async\" width=\"1024\" height=\"768\" src=\"http:\/\/wild-und-gruen.com\/wp-content\/uploads\/2020\/07\/R\u00e4ucher-Seminar1-1024x768.jpg\" alt=\"\" data-id=\"282\" data-link=\"http:\/\/wild-und-gruen.com\/?attachment_id=282\" class=\"wp-image-282\" srcset=\"https:\/\/wild-und-gruen.com\/wp-content\/uploads\/2020\/07\/R\u00e4ucher-Seminar1-1024x768.jpg 1024w, https:\/\/wild-und-gruen.com\/wp-content\/uploads\/2020\/07\/R\u00e4ucher-Seminar1-300x225.jpg 300w, https:\/\/wild-und-gruen.com\/wp-content\/uploads\/2020\/07\/R\u00e4ucher-Seminar1-768x576.jpg 768w\" sizes=\"auto, (max-width: 1024px) 100vw, 1024px\" \/><figcaption class=\"blocks-gallery-item__caption\">und R\u00e4ucher-Sticks<\/figcaption><\/figure><\/li><\/ul><\/figure>\n\n\n\n<figure class=\"wp-block-gallery columns-0 is-cropped wp-block-gallery-2 is-layout-flex wp-block-gallery-is-layout-flex\"><ul class=\"blocks-gallery-grid\"><\/ul><\/figure>\n","protected":false},"excerpt":{"rendered":"","protected":false},"author":1,"featured_media":0,"parent":0,"menu_order":0,"comment_status":"closed","ping_status":"closed","template":"","meta":{"footnotes":""},"class_list":["post-128","page","type-page","status-publish","hentry","comments-closed","no-comments"],"_links":{"self":[{"href":"https:\/\/wild-und-gruen.com\/index.php?rest_route=\/wp\/v2\/pages\/128","targetHints":{"allow":["GET"]}}],"collection":[{"href":"https:\/\/wild-und-gruen.com\/index.php?rest_route=\/wp\/v2\/pages"}],"about":[{"href":"https:\/\/wild-und-gruen.com\/index.php?rest_route=\/wp\/v2\/types\/page"}],"author":[{"embeddable":true,"href":"https:\/\/wild-und-gruen.com\/index.php?rest_route=\/wp\/v2\/users\/1"}],"replies":[{"embeddable":true,"href":"https:\/\/wild-und-gruen.com\/index.php?rest_route=%2Fwp%2Fv2%2Fcomments&post=128"}],"version-history":[{"count":6,"href":"https:\/\/wild-und-gruen.com\/index.php?rest_route=\/wp\/v2\/pages\/128\/revisions"}],"predecessor-version":[{"id":882,"href":"https:\/\/wild-und-gruen.com\/index.php?rest_route=\/wp\/v2\/pages\/128\/revisions\/882"}],"wp:attachment":[{"href":"https:\/\/wild-und-gruen.com\/index.php?rest_route=%2Fwp%2Fv2%2Fmedia&parent=128"}],"curies":[{"name":"wp","href":"https:\/\/api.w.org\/{rel}","templated":true}]}}